{"id":1580,"date":"2025-10-18T04:00:55","date_gmt":"2025-10-18T03:00:55","guid":{"rendered":"https:\/\/guidedutrading.com\/?page_id=1580"},"modified":"2025-10-18T04:22:03","modified_gmt":"2025-10-18T03:22:03","slug":"avisos-legais","status":"publish","type":"page","link":"https:\/\/guidedutrading.com\/pt\/mentions-legales\/","title":{"rendered":"Informa\u00e7\u00e3o jur\u00eddica"},"content":{"rendered":"<div data-elementor-type=\"wp-page\" data-elementor-id=\"1580\" class=\"elementor elementor-1580\" data-elementor-post-type=\"page\">\n\t\t\t\t<div class=\"elementor-element elementor-element-1552472 e-flex e-con-boxed e-con e-parent\" data-id=\"1552472\" data-element_type=\"container\" data-e-type=\"container\">\n\t\t\t\t\t<div class=\"e-con-inner\">\n\t\t\t\t<div class=\"elementor-element elementor-element-97c129c elementor-widget elementor-widget-html\" data-id=\"97c129c\" data-element_type=\"widget\" data-e-type=\"widget\" data-widget_type=\"html.default\">\n\t\t\t\t\tAVISO LEGAL Nome da Empresa: MOUB MARKETING SRL Forma Jur\u00eddica: Sociedade de Responsabilidade Limitada (SRL) N\u00famero de Registro (CUI): 47903005 N\u00famero de Registro Comercial: J40\/6123\/2023 Sede Social: Strada Lujerului, Nr. 1, Bloc 100, Scara A, Etaj 2, Ap. 8 Sectorul 6, Bucareste, Rom\u00eania Endere\u00e7o de e-mail: live@guidedutrading.com HOSPEDAGEM Hospedagem do Site: OVH SAS Sede Social: 2 rue Kellermann, 59100 Roubaix, Fran\u00e7a SIRET: 424 761 419 00045 Telefone: 1007 Site: www.ovhcloud.com PROPRIEDADE INTELECTUAL Todo o conte\u00fado deste site (textos, imagens, v\u00eddeos, logotipos, etc.) est\u00e1 protegido por direitos autorais, marcas registradas e patentes. \u00c9 estritamente proibida qualquer reprodu\u00e7\u00e3o, distribui\u00e7\u00e3o, modifica\u00e7\u00e3o, adapta\u00e7\u00e3o, retransmiss\u00e3o ou publica\u00e7\u00e3o destes elementos sem o consentimento expresso e por escrito da MOUB MARKETING SRL. DADOS PESSOAIS De acordo com o Regulamento Geral de Prote\u00e7\u00e3o de Dados (RGPD), voc\u00ea tem o direito de acessar, retificar, apagar e opor-se ao processamento dos seus dados pessoais. Para exercer esses direitos, entre em contato conosco pelo endere\u00e7o: live@guidedutrading.com. Consulte nossa Pol\u00edtica de Privacidade para obter mais informa\u00e7\u00f5es. COOKIES Este site utiliza cookies. Para saber mais sobre o seu uso, consulte nossa Pol\u00edtica de Cookies. LEI APLIC\u00c1VEL Este site est\u00e1 sujeito \u00e0 legisla\u00e7\u00e3o romena. Qualquer disputa ser\u00e1 submetida aos tribunais competentes da Rom\u00eania.\t\t\t\t<\/div>\n\t\t\t\t\t<\/div>\n\t\t\t\t<\/div>\n\t\t\t\t<\/div>","protected":false},"excerpt":{"rendered":"<p>MENTIONS L\u00c9GALES Raison sociale : MOUB MARKETING S.R.L. Forme juridique : Societate cu R\u0103spundere Limitat\u0103 (S.R.L.) Num\u00e9ro d&rsquo;immatriculation (CUI) : [&hellip;]<\/p>\n","protected":false},"author":2,"featured_media":0,"parent":0,"menu_order":0,"comment_status":"closed","ping_status":"closed","template":"","meta":{"site-sidebar-layout":"no-sidebar","site-content-layout":"page-builder","ast-site-content-layout":"full-width-container","site-content-style":"default","site-sidebar-style":"default","ast-global-header-display":"","ast-banner-title-visibility":"","ast-main-header-display":"","ast-hfb-above-header-display":"","ast-hfb-below-header-display":"","ast-hfb-mobile-header-display":"","site-post-title":"","ast-breadcrumbs-content":"","ast-featured-img":"disabled","footer-sml-layout":"","ast-disable-related-posts":"","theme-transparent-header-meta":"","adv-header-id-meta":"","stick-header-meta":"","header-above-stick-meta":"","header-main-stick-meta":"","header-below-stick-meta":"","astra-migrate-meta-layouts":"set","ast-page-background-enabled":"default","ast-page-background-meta":{"desktop":{"background-color":"","background-image":"","background-repeat":"repeat","background-position":"center center","background-size":"auto","background-attachment":"scroll","background-type":"","background-media":"","overlay-type":"","overlay-color":"","overlay-opacity":"","overlay-gradient":""},"tablet":{"background-color":"","background-image":"","background-repeat":"repeat","background-position":"center center","background-size":"auto","background-attachment":"scroll","background-type":"","background-media":"","overlay-type":"","overlay-color":"","overlay-opacity":"","overlay-gradient":""},"mobile":{"background-color":"","background-image":"","background-repeat":"repeat","background-position":"center center","background-size":"auto","background-attachment":"scroll","background-type":"","background-media":"","overlay-type":"","overlay-color":"","overlay-opacity":"","overlay-gradient":""}},"ast-content-background-meta":{"desktop":{"background-color":"var(--ast-global-color-5)","background-image":"","background-repeat":"repeat","background-position":"center center","background-size":"auto","background-attachment":"scroll","background-type":"","background-media":"","overlay-type":"","overlay-color":"","overlay-opacity":"","overlay-gradient":""},"tablet":{"background-color":"var(--ast-global-color-5)","background-image":"","background-repeat":"repeat","background-position":"center center","background-size":"auto","background-attachment":"scroll","background-type":"","background-media":"","overlay-type":"","overlay-color":"","overlay-opacity":"","overlay-gradient":""},"mobile":{"background-color":"var(--ast-global-color-5)","background-image":"","background-repeat":"repeat","background-position":"center center","background-size":"auto","background-attachment":"scroll","background-type":"","background-media":"","overlay-type":"","overlay-color":"","overlay-opacity":"","overlay-gradient":""}},"footnotes":""},"class_list":["post-1580","page","type-page","status-publish","hentry"],"yoast_head":"<!-- This site is optimized with the Yoast SEO Premium plugin v27.0 (Yoast SEO v27.3) - https:\/\/yoast.com\/product\/yoast-seo-premium-wordpress\/ -->\n<title>Mentions l\u00e9gales - Guide du Trading<\/title>\n<meta name=\"robots\" content=\"index, follow, max-snippet:-1, max-image-preview:large, max-video-preview:-1\" \/>\n<link rel=\"canonical\" href=\"https:\/\/guidedutrading.com\/pt\/avisos-legais\/\" \/>\n<meta property=\"og:locale\" content=\"pt_PT\" \/>\n<meta property=\"og:type\" content=\"article\" \/>\n<meta property=\"og:title\" content=\"Mentions l\u00e9gales\" \/>\n<meta property=\"og:description\" content=\"MENTIONS L\u00c9GALES Raison sociale : MOUB MARKETING S.R.L. Forme juridique : Societate cu R\u0103spundere Limitat\u0103 (S.R.L.) Num\u00e9ro d&rsquo;immatriculation (CUI) : [&hellip;]\" \/>\n<meta property=\"og:url\" content=\"https:\/\/guidedutrading.com\/pt\/avisos-legais\/\" \/>\n<meta property=\"og:site_name\" content=\"Guide du Trading\" \/>\n<meta property=\"article:modified_time\" content=\"2025-10-18T03:22:03+00:00\" \/>\n<meta name=\"twitter:card\" content=\"summary_large_image\" \/>\n<script type=\"application\/ld+json\" class=\"yoast-schema-graph\">{\"@context\":\"https:\\\/\\\/schema.org\",\"@graph\":[{\"@type\":\"WebPage\",\"@id\":\"https:\\\/\\\/guidedutrading.com\\\/mentions-legales\\\/\",\"url\":\"https:\\\/\\\/guidedutrading.com\\\/mentions-legales\\\/\",\"name\":\"Mentions l\u00e9gales - Guide du Trading\",\"isPartOf\":{\"@id\":\"https:\\\/\\\/guidedutrading.com\\\/#website\"},\"datePublished\":\"2025-10-18T03:00:55+00:00\",\"dateModified\":\"2025-10-18T03:22:03+00:00\",\"breadcrumb\":{\"@id\":\"https:\\\/\\\/guidedutrading.com\\\/mentions-legales\\\/#breadcrumb\"},\"inLanguage\":\"pt-PT\",\"potentialAction\":[{\"@type\":\"ReadAction\",\"target\":[\"https:\\\/\\\/guidedutrading.com\\\/mentions-legales\\\/\"]}]},{\"@type\":\"BreadcrumbList\",\"@id\":\"https:\\\/\\\/guidedutrading.com\\\/mentions-legales\\\/#breadcrumb\",\"itemListElement\":[{\"@type\":\"ListItem\",\"position\":1,\"name\":\"Accueil\",\"item\":\"https:\\\/\\\/guidedutrading.com\\\/\"},{\"@type\":\"ListItem\",\"position\":2,\"name\":\"Mentions l\u00e9gales\"}]},{\"@type\":\"WebSite\",\"@id\":\"https:\\\/\\\/guidedutrading.com\\\/#website\",\"url\":\"https:\\\/\\\/guidedutrading.com\\\/\",\"name\":\"Guide du Trading\",\"description\":\"Votre r\u00e9f\u00e9rence en trading CFD et comparatifs brokers\",\"publisher\":{\"@id\":\"https:\\\/\\\/guidedutrading.com\\\/#organization\"},\"potentialAction\":[{\"@type\":\"SearchAction\",\"target\":{\"@type\":\"EntryPoint\",\"urlTemplate\":\"https:\\\/\\\/guidedutrading.com\\\/?s={search_term_string}\"},\"query-input\":{\"@type\":\"PropertyValueSpecification\",\"valueRequired\":true,\"valueName\":\"search_term_string\"}}],\"inLanguage\":\"pt-PT\"},{\"@type\":\"Organization\",\"@id\":\"https:\\\/\\\/guidedutrading.com\\\/#organization\",\"name\":\"Guide du Trading\",\"url\":\"https:\\\/\\\/guidedutrading.com\\\/\",\"logo\":{\"@type\":\"ImageObject\",\"inLanguage\":\"pt-PT\",\"@id\":\"https:\\\/\\\/guidedutrading.com\\\/#\\\/schema\\\/logo\\\/image\\\/\",\"url\":\"https:\\\/\\\/guidedutrading.com\\\/wp-content\\\/uploads\\\/2025\\\/10\\\/cropped-cropped-cropped-cropped-Logo-version-2-2-e1759848903976.png\",\"contentUrl\":\"https:\\\/\\\/guidedutrading.com\\\/wp-content\\\/uploads\\\/2025\\\/10\\\/cropped-cropped-cropped-cropped-Logo-version-2-2-e1759848903976.png\",\"width\":665,\"height\":298,\"caption\":\"Guide du Trading\"},\"image\":{\"@id\":\"https:\\\/\\\/guidedutrading.com\\\/#\\\/schema\\\/logo\\\/image\\\/\"}}]}<\/script>\n<!-- \/ Yoast SEO Premium plugin. -->","yoast_head_json":{"title":"Aviso Legal - Guia de Negocia\u00e7\u00e3o","robots":{"index":"index","follow":"follow","max-snippet":"max-snippet:-1","max-image-preview":"max-image-preview:large","max-video-preview":"max-video-preview:-1"},"canonical":"https:\/\/guidedutrading.com\/pt\/avisos-legais\/","og_locale":"pt_PT","og_type":"article","og_title":"Mentions l\u00e9gales","og_description":"MENTIONS L\u00c9GALES Raison sociale : MOUB MARKETING S.R.L. Forme juridique : Societate cu R\u0103spundere Limitat\u0103 (S.R.L.) Num\u00e9ro d&rsquo;immatriculation (CUI) : [&hellip;]","og_url":"https:\/\/guidedutrading.com\/pt\/avisos-legais\/","og_site_name":"Guide du Trading","article_modified_time":"2025-10-18T03:22:03+00:00","twitter_card":"summary_large_image","schema":{"@context":"https:\/\/schema.org","@graph":[{"@type":"WebPage","@id":"https:\/\/guidedutrading.com\/mentions-legales\/","url":"https:\/\/guidedutrading.com\/mentions-legales\/","name":"Aviso Legal - Guia de Negocia\u00e7\u00e3o","isPartOf":{"@id":"https:\/\/guidedutrading.com\/#website"},"datePublished":"2025-10-18T03:00:55+00:00","dateModified":"2025-10-18T03:22:03+00:00","breadcrumb":{"@id":"https:\/\/guidedutrading.com\/mentions-legales\/#breadcrumb"},"inLanguage":"pt-PT","potentialAction":[{"@type":"ReadAction","target":["https:\/\/guidedutrading.com\/mentions-legales\/"]}]},{"@type":"BreadcrumbList","@id":"https:\/\/guidedutrading.com\/mentions-legales\/#breadcrumb","itemListElement":[{"@type":"ListItem","position":1,"name":"Accueil","item":"https:\/\/guidedutrading.com\/"},{"@type":"ListItem","position":2,"name":"Mentions l\u00e9gales"}]},{"@type":"WebSite","@id":"https:\/\/guidedutrading.com\/#website","url":"https:\/\/guidedutrading.com\/","name":"Guia de negocia\u00e7\u00e3o","description":"A sua refer\u00eancia para a negocia\u00e7\u00e3o de CFD e compara\u00e7\u00f5es entre corretores","publisher":{"@id":"https:\/\/guidedutrading.com\/#organization"},"potentialAction":[{"@type":"SearchAction","target":{"@type":"EntryPoint","urlTemplate":"https:\/\/guidedutrading.com\/?s={search_term_string}"},"query-input":{"@type":"PropertyValueSpecification","valueRequired":true,"valueName":"search_term_string"}}],"inLanguage":"pt-PT"},{"@type":"Organization","@id":"https:\/\/guidedutrading.com\/#organization","name":"Guia de negocia\u00e7\u00e3o","url":"https:\/\/guidedutrading.com\/","logo":{"@type":"ImageObject","inLanguage":"pt-PT","@id":"https:\/\/guidedutrading.com\/#\/schema\/logo\/image\/","url":"https:\/\/guidedutrading.com\/wp-content\/uploads\/2025\/10\/cropped-cropped-cropped-cropped-Logo-version-2-2-e1759848903976.png","contentUrl":"https:\/\/guidedutrading.com\/wp-content\/uploads\/2025\/10\/cropped-cropped-cropped-cropped-Logo-version-2-2-e1759848903976.png","width":665,"height":298,"caption":"Guide du Trading"},"image":{"@id":"https:\/\/guidedutrading.com\/#\/schema\/logo\/image\/"}}]}},"_links":{"self":[{"href":"https:\/\/guidedutrading.com\/pt\/wp-json\/wp\/v2\/pages\/1580","targetHints":{"allow":["GET"]}}],"collection":[{"href":"https:\/\/guidedutrading.com\/pt\/wp-json\/wp\/v2\/pages"}],"about":[{"href":"https:\/\/guidedutrading.com\/pt\/wp-json\/wp\/v2\/types\/page"}],"author":[{"embeddable":true,"href":"https:\/\/guidedutrading.com\/pt\/wp-json\/wp\/v2\/users\/2"}],"replies":[{"embeddable":true,"href":"https:\/\/guidedutrading.com\/pt\/wp-json\/wp\/v2\/comments?post=1580"}],"version-history":[{"count":0,"href":"https:\/\/guidedutrading.com\/pt\/wp-json\/wp\/v2\/pages\/1580\/revisions"}],"wp:attachment":[{"href":"https:\/\/guidedutrading.com\/pt\/wp-json\/wp\/v2\/media?parent=1580"}],"curies":[{"name":"wp","href":"https:\/\/api.w.org\/{rel}","templated":true}]}}