{"id":1580,"date":"2025-10-18T04:00:55","date_gmt":"2025-10-18T03:00:55","guid":{"rendered":"https:\/\/guidedutrading.com\/?page_id=1580"},"modified":"2025-10-18T04:22:03","modified_gmt":"2025-10-18T03:22:03","slug":"avisos-legales","status":"publish","type":"page","link":"https:\/\/guidedutrading.com\/es\/mentions-legales\/","title":{"rendered":"Informaci\u00f3n jur\u00eddica"},"content":{"rendered":"<div data-elementor-type=\"wp-page\" data-elementor-id=\"1580\" class=\"elementor elementor-1580\" data-elementor-post-type=\"page\">\n\t\t\t\t<div class=\"elementor-element elementor-element-1552472 e-flex e-con-boxed e-con e-parent\" data-id=\"1552472\" data-element_type=\"container\" data-e-type=\"container\">\n\t\t\t\t\t<div class=\"e-con-inner\">\n\t\t\t\t<div class=\"elementor-element elementor-element-97c129c elementor-widget elementor-widget-html\" data-id=\"97c129c\" data-element_type=\"widget\" data-e-type=\"widget\" data-widget_type=\"html.default\">\n\t\t\t\t\tAVISO LEGAL Nombre de la empresa: MOUB MARKETING SRL Forma jur\u00eddica: Sociedad de responsabilidad limitada (SRL) N\u00famero de registro (CUI): 47903005 N\u00famero de registro mercantil: J40\/6123\/2023 Domicilio social: Strada Lujerului, Nr. 1, Bloc 100, Scara A, Etaj 2, Ap. 8 Sectorul 6, Bucarest, Ruman\u00eda Direcci\u00f3n de correo electr\u00f3nico: live@guidedutrading.com ALOJAMIENTO Alojamiento web: OVH SAS Domicilio social: 2 rue Kellermann, 59100 Roubaix, Francia SIRET: 424 761 419 00045 Tel\u00e9fono: 1007 Sitio web: www.ovhcloud.com PROPIEDAD INTELECTUAL Todo el contenido de este sitio (textos, im\u00e1genes, v\u00eddeos, logotipos, etc.) est\u00e1 protegido por las leyes de derechos de autor, marcas registradas y patentes. Cualquier reproducci\u00f3n, distribuci\u00f3n, modificaci\u00f3n, adaptaci\u00f3n, retransmisi\u00f3n o publicaci\u00f3n de estos elementos est\u00e1 estrictamente prohibida sin el consentimiento expreso por escrito de MOUB MARKETING SRL. DATOS PERSONALES De acuerdo con el Reglamento General de Protecci\u00f3n de Datos (RGPD), usted tiene derecho a acceder, rectificar, borrar y oponerse al procesamiento de sus datos personales. Para ejercer estos derechos, cont\u00e1ctenos en: live@guidedutrading.com. Consulte nuestra Pol\u00edtica de privacidad para obtener m\u00e1s informaci\u00f3n. COOKIES Este sitio utiliza cookies. Para obtener m\u00e1s informaci\u00f3n sobre su uso, consulte nuestra Pol\u00edtica de cookies. LEY APLICABLE Este sitio est\u00e1 sujeto a la ley rumana. Cualquier disputa se someter\u00e1 a los tribunales competentes de Ruman\u00eda.\t\t\t\t<\/div>\n\t\t\t\t\t<\/div>\n\t\t\t\t<\/div>\n\t\t\t\t<\/div>","protected":false},"excerpt":{"rendered":"<p>MENTIONS L\u00c9GALES Raison sociale : MOUB MARKETING S.R.L. Forme juridique : Societate cu R\u0103spundere Limitat\u0103 (S.R.L.) Num\u00e9ro d&rsquo;immatriculation (CUI) : [&hellip;]<\/p>\n","protected":false},"author":2,"featured_media":0,"parent":0,"menu_order":0,"comment_status":"closed","ping_status":"closed","template":"","meta":{"site-sidebar-layout":"no-sidebar","site-content-layout":"page-builder","ast-site-content-layout":"full-width-container","site-content-style":"default","site-sidebar-style":"default","ast-global-header-display":"","ast-banner-title-visibility":"","ast-main-header-display":"","ast-hfb-above-header-display":"","ast-hfb-below-header-display":"","ast-hfb-mobile-header-display":"","site-post-title":"","ast-breadcrumbs-content":"","ast-featured-img":"disabled","footer-sml-layout":"","ast-disable-related-posts":"","theme-transparent-header-meta":"","adv-header-id-meta":"","stick-header-meta":"","header-above-stick-meta":"","header-main-stick-meta":"","header-below-stick-meta":"","astra-migrate-meta-layouts":"set","ast-page-background-enabled":"default","ast-page-background-meta":{"desktop":{"background-color":"","background-image":"","background-repeat":"repeat","background-position":"center center","background-size":"auto","background-attachment":"scroll","background-type":"","background-media":"","overlay-type":"","overlay-color":"","overlay-opacity":"","overlay-gradient":""},"tablet":{"background-color":"","background-image":"","background-repeat":"repeat","background-position":"center center","background-size":"auto","background-attachment":"scroll","background-type":"","background-media":"","overlay-type":"","overlay-color":"","overlay-opacity":"","overlay-gradient":""},"mobile":{"background-color":"","background-image":"","background-repeat":"repeat","background-position":"center center","background-size":"auto","background-attachment":"scroll","background-type":"","background-media":"","overlay-type":"","overlay-color":"","overlay-opacity":"","overlay-gradient":""}},"ast-content-background-meta":{"desktop":{"background-color":"var(--ast-global-color-5)","background-image":"","background-repeat":"repeat","background-position":"center center","background-size":"auto","background-attachment":"scroll","background-type":"","background-media":"","overlay-type":"","overlay-color":"","overlay-opacity":"","overlay-gradient":""},"tablet":{"background-color":"var(--ast-global-color-5)","background-image":"","background-repeat":"repeat","background-position":"center center","background-size":"auto","background-attachment":"scroll","background-type":"","background-media":"","overlay-type":"","overlay-color":"","overlay-opacity":"","overlay-gradient":""},"mobile":{"background-color":"var(--ast-global-color-5)","background-image":"","background-repeat":"repeat","background-position":"center center","background-size":"auto","background-attachment":"scroll","background-type":"","background-media":"","overlay-type":"","overlay-color":"","overlay-opacity":"","overlay-gradient":""}},"footnotes":""},"class_list":["post-1580","page","type-page","status-publish","hentry"],"yoast_head":"<!-- This site is optimized with the Yoast SEO Premium plugin v27.0 (Yoast SEO v27.3) - https:\/\/yoast.com\/product\/yoast-seo-premium-wordpress\/ -->\n<title>Mentions l\u00e9gales - Guide du Trading<\/title>\n<meta name=\"robots\" content=\"index, follow, max-snippet:-1, max-image-preview:large, max-video-preview:-1\" \/>\n<link rel=\"canonical\" href=\"https:\/\/guidedutrading.com\/es\/avisos-legales\/\" \/>\n<meta property=\"og:locale\" content=\"es_ES\" \/>\n<meta property=\"og:type\" content=\"article\" \/>\n<meta property=\"og:title\" content=\"Mentions l\u00e9gales\" \/>\n<meta property=\"og:description\" content=\"MENTIONS L\u00c9GALES Raison sociale : MOUB MARKETING S.R.L. Forme juridique : Societate cu R\u0103spundere Limitat\u0103 (S.R.L.) Num\u00e9ro d&rsquo;immatriculation (CUI) : [&hellip;]\" \/>\n<meta property=\"og:url\" content=\"https:\/\/guidedutrading.com\/es\/avisos-legales\/\" \/>\n<meta property=\"og:site_name\" content=\"Guide du Trading\" \/>\n<meta property=\"article:modified_time\" content=\"2025-10-18T03:22:03+00:00\" \/>\n<meta name=\"twitter:card\" content=\"summary_large_image\" \/>\n<script type=\"application\/ld+json\" class=\"yoast-schema-graph\">{\"@context\":\"https:\\\/\\\/schema.org\",\"@graph\":[{\"@type\":\"WebPage\",\"@id\":\"https:\\\/\\\/guidedutrading.com\\\/mentions-legales\\\/\",\"url\":\"https:\\\/\\\/guidedutrading.com\\\/mentions-legales\\\/\",\"name\":\"Mentions l\u00e9gales - Guide du Trading\",\"isPartOf\":{\"@id\":\"https:\\\/\\\/guidedutrading.com\\\/#website\"},\"datePublished\":\"2025-10-18T03:00:55+00:00\",\"dateModified\":\"2025-10-18T03:22:03+00:00\",\"breadcrumb\":{\"@id\":\"https:\\\/\\\/guidedutrading.com\\\/mentions-legales\\\/#breadcrumb\"},\"inLanguage\":\"es\",\"potentialAction\":[{\"@type\":\"ReadAction\",\"target\":[\"https:\\\/\\\/guidedutrading.com\\\/mentions-legales\\\/\"]}]},{\"@type\":\"BreadcrumbList\",\"@id\":\"https:\\\/\\\/guidedutrading.com\\\/mentions-legales\\\/#breadcrumb\",\"itemListElement\":[{\"@type\":\"ListItem\",\"position\":1,\"name\":\"Accueil\",\"item\":\"https:\\\/\\\/guidedutrading.com\\\/\"},{\"@type\":\"ListItem\",\"position\":2,\"name\":\"Mentions l\u00e9gales\"}]},{\"@type\":\"WebSite\",\"@id\":\"https:\\\/\\\/guidedutrading.com\\\/#website\",\"url\":\"https:\\\/\\\/guidedutrading.com\\\/\",\"name\":\"Guide du Trading\",\"description\":\"Votre r\u00e9f\u00e9rence en trading CFD et comparatifs brokers\",\"publisher\":{\"@id\":\"https:\\\/\\\/guidedutrading.com\\\/#organization\"},\"potentialAction\":[{\"@type\":\"SearchAction\",\"target\":{\"@type\":\"EntryPoint\",\"urlTemplate\":\"https:\\\/\\\/guidedutrading.com\\\/?s={search_term_string}\"},\"query-input\":{\"@type\":\"PropertyValueSpecification\",\"valueRequired\":true,\"valueName\":\"search_term_string\"}}],\"inLanguage\":\"es\"},{\"@type\":\"Organization\",\"@id\":\"https:\\\/\\\/guidedutrading.com\\\/#organization\",\"name\":\"Guide du Trading\",\"url\":\"https:\\\/\\\/guidedutrading.com\\\/\",\"logo\":{\"@type\":\"ImageObject\",\"inLanguage\":\"es\",\"@id\":\"https:\\\/\\\/guidedutrading.com\\\/#\\\/schema\\\/logo\\\/image\\\/\",\"url\":\"https:\\\/\\\/guidedutrading.com\\\/wp-content\\\/uploads\\\/2025\\\/10\\\/cropped-cropped-cropped-cropped-Logo-version-2-2-e1759848903976.png\",\"contentUrl\":\"https:\\\/\\\/guidedutrading.com\\\/wp-content\\\/uploads\\\/2025\\\/10\\\/cropped-cropped-cropped-cropped-Logo-version-2-2-e1759848903976.png\",\"width\":665,\"height\":298,\"caption\":\"Guide du Trading\"},\"image\":{\"@id\":\"https:\\\/\\\/guidedutrading.com\\\/#\\\/schema\\\/logo\\\/image\\\/\"}}]}<\/script>\n<!-- \/ Yoast SEO Premium plugin. -->","yoast_head_json":{"title":"Aviso legal - Gu\u00eda de Trading","robots":{"index":"index","follow":"follow","max-snippet":"max-snippet:-1","max-image-preview":"max-image-preview:large","max-video-preview":"max-video-preview:-1"},"canonical":"https:\/\/guidedutrading.com\/es\/avisos-legales\/","og_locale":"es_ES","og_type":"article","og_title":"Mentions l\u00e9gales","og_description":"MENTIONS L\u00c9GALES Raison sociale : MOUB MARKETING S.R.L. Forme juridique : Societate cu R\u0103spundere Limitat\u0103 (S.R.L.) Num\u00e9ro d&rsquo;immatriculation (CUI) : [&hellip;]","og_url":"https:\/\/guidedutrading.com\/es\/avisos-legales\/","og_site_name":"Guide du Trading","article_modified_time":"2025-10-18T03:22:03+00:00","twitter_card":"summary_large_image","schema":{"@context":"https:\/\/schema.org","@graph":[{"@type":"WebPage","@id":"https:\/\/guidedutrading.com\/mentions-legales\/","url":"https:\/\/guidedutrading.com\/mentions-legales\/","name":"Aviso legal - Gu\u00eda de Trading","isPartOf":{"@id":"https:\/\/guidedutrading.com\/#website"},"datePublished":"2025-10-18T03:00:55+00:00","dateModified":"2025-10-18T03:22:03+00:00","breadcrumb":{"@id":"https:\/\/guidedutrading.com\/mentions-legales\/#breadcrumb"},"inLanguage":"es","potentialAction":[{"@type":"ReadAction","target":["https:\/\/guidedutrading.com\/mentions-legales\/"]}]},{"@type":"BreadcrumbList","@id":"https:\/\/guidedutrading.com\/mentions-legales\/#breadcrumb","itemListElement":[{"@type":"ListItem","position":1,"name":"Accueil","item":"https:\/\/guidedutrading.com\/"},{"@type":"ListItem","position":2,"name":"Mentions l\u00e9gales"}]},{"@type":"WebSite","@id":"https:\/\/guidedutrading.com\/#website","url":"https:\/\/guidedutrading.com\/","name":"Gu\u00eda de negociaci\u00f3n","description":"Su referencia para operar con CFD y comparar brokers","publisher":{"@id":"https:\/\/guidedutrading.com\/#organization"},"potentialAction":[{"@type":"SearchAction","target":{"@type":"EntryPoint","urlTemplate":"https:\/\/guidedutrading.com\/?s={search_term_string}"},"query-input":{"@type":"PropertyValueSpecification","valueRequired":true,"valueName":"search_term_string"}}],"inLanguage":"es"},{"@type":"Organization","@id":"https:\/\/guidedutrading.com\/#organization","name":"Gu\u00eda de negociaci\u00f3n","url":"https:\/\/guidedutrading.com\/","logo":{"@type":"ImageObject","inLanguage":"es","@id":"https:\/\/guidedutrading.com\/#\/schema\/logo\/image\/","url":"https:\/\/guidedutrading.com\/wp-content\/uploads\/2025\/10\/cropped-cropped-cropped-cropped-Logo-version-2-2-e1759848903976.png","contentUrl":"https:\/\/guidedutrading.com\/wp-content\/uploads\/2025\/10\/cropped-cropped-cropped-cropped-Logo-version-2-2-e1759848903976.png","width":665,"height":298,"caption":"Guide du Trading"},"image":{"@id":"https:\/\/guidedutrading.com\/#\/schema\/logo\/image\/"}}]}},"_links":{"self":[{"href":"https:\/\/guidedutrading.com\/es\/wp-json\/wp\/v2\/pages\/1580","targetHints":{"allow":["GET"]}}],"collection":[{"href":"https:\/\/guidedutrading.com\/es\/wp-json\/wp\/v2\/pages"}],"about":[{"href":"https:\/\/guidedutrading.com\/es\/wp-json\/wp\/v2\/types\/page"}],"author":[{"embeddable":true,"href":"https:\/\/guidedutrading.com\/es\/wp-json\/wp\/v2\/users\/2"}],"replies":[{"embeddable":true,"href":"https:\/\/guidedutrading.com\/es\/wp-json\/wp\/v2\/comments?post=1580"}],"version-history":[{"count":0,"href":"https:\/\/guidedutrading.com\/es\/wp-json\/wp\/v2\/pages\/1580\/revisions"}],"wp:attachment":[{"href":"https:\/\/guidedutrading.com\/es\/wp-json\/wp\/v2\/media?parent=1580"}],"curies":[{"name":"wp","href":"https:\/\/api.w.org\/{rel}","templated":true}]}}