{"id":1580,"date":"2025-10-18T04:00:55","date_gmt":"2025-10-18T03:00:55","guid":{"rendered":"https:\/\/guidedutrading.com\/?page_id=1580"},"modified":"2025-10-18T04:22:03","modified_gmt":"2025-10-18T03:22:03","slug":"legal-notices","status":"publish","type":"page","link":"https:\/\/guidedutrading.com\/en\/mentions-legales\/","title":{"rendered":"Legal information"},"content":{"rendered":"<div data-elementor-type=\"wp-page\" data-elementor-id=\"1580\" class=\"elementor elementor-1580\" data-elementor-post-type=\"page\">\n\t\t\t\t<div class=\"elementor-element elementor-element-1552472 e-flex e-con-boxed e-con e-parent\" data-id=\"1552472\" data-element_type=\"container\" data-e-type=\"container\">\n\t\t\t\t\t<div class=\"e-con-inner\">\n\t\t\t\t<div class=\"elementor-element elementor-element-97c129c elementor-widget elementor-widget-html\" data-id=\"97c129c\" data-element_type=\"widget\" data-e-type=\"widget\" data-widget_type=\"html.default\">\n\t\t\t\t\tLEGAL NOTICE Company Name: MOUB MARKETING SRL Legal Form: Limited Liability Company (SRL) Registration Number (CUI): 47903005 Trade Register Number: J40\/6123\/2023 Registered Office: Strada Lujerului, Nr. 1, Bloc 100, Scara A, Etaj 2, Ap. 8 Sectorul 6, Bucharest, Romania Email Address: live@guidedutrading.com HOSTING Website Host: OVH SAS Registered Office: 2 rue Kellermann, 59100 Roubaix, France SIRET: 424 761 419 00045 Telephone: 1007 Website: www.ovhcloud.com INTELLECTUAL PROPERTY All content on this site (texts, images, videos, logos, etc.) is Protected by copyright, trademark, and patent law. Any reproduction, distribution, modification, adaptation, retransmission, or publication of these elements is strictly prohibited without the express written consent of MOUB MARKETING SRL. PERSONAL DATA In accordance with the General Data Protection Regulation (GDPR), you have the right to access, rectify, erase, and object to the processing of your personal data. To exercise these rights, please contact us at: live@guidedutrading.com. See our Privacy Policy for more information. COOKIES This site uses cookies. To learn more about their use, please see our Cookie Policy. APPLICABLE LAW This site is subject to Romanian law. Any dispute will be submitted to the competent courts of Romania.\t\t\t\t<\/div>\n\t\t\t\t\t<\/div>\n\t\t\t\t<\/div>\n\t\t\t\t<\/div>","protected":false},"excerpt":{"rendered":"<p>MENTIONS L\u00c9GALES Raison sociale : MOUB MARKETING S.R.L. Forme juridique : Societate cu R\u0103spundere Limitat\u0103 (S.R.L.) Num\u00e9ro d&rsquo;immatriculation (CUI) : [&hellip;]<\/p>\n","protected":false},"author":2,"featured_media":0,"parent":0,"menu_order":0,"comment_status":"closed","ping_status":"closed","template":"","meta":{"site-sidebar-layout":"no-sidebar","site-content-layout":"page-builder","ast-site-content-layout":"full-width-container","site-content-style":"default","site-sidebar-style":"default","ast-global-header-display":"","ast-banner-title-visibility":"","ast-main-header-display":"","ast-hfb-above-header-display":"","ast-hfb-below-header-display":"","ast-hfb-mobile-header-display":"","site-post-title":"","ast-breadcrumbs-content":"","ast-featured-img":"disabled","footer-sml-layout":"","ast-disable-related-posts":"","theme-transparent-header-meta":"","adv-header-id-meta":"","stick-header-meta":"","header-above-stick-meta":"","header-main-stick-meta":"","header-below-stick-meta":"","astra-migrate-meta-layouts":"set","ast-page-background-enabled":"default","ast-page-background-meta":{"desktop":{"background-color":"","background-image":"","background-repeat":"repeat","background-position":"center center","background-size":"auto","background-attachment":"scroll","background-type":"","background-media":"","overlay-type":"","overlay-color":"","overlay-opacity":"","overlay-gradient":""},"tablet":{"background-color":"","background-image":"","background-repeat":"repeat","background-position":"center center","background-size":"auto","background-attachment":"scroll","background-type":"","background-media":"","overlay-type":"","overlay-color":"","overlay-opacity":"","overlay-gradient":""},"mobile":{"background-color":"","background-image":"","background-repeat":"repeat","background-position":"center center","background-size":"auto","background-attachment":"scroll","background-type":"","background-media":"","overlay-type":"","overlay-color":"","overlay-opacity":"","overlay-gradient":""}},"ast-content-background-meta":{"desktop":{"background-color":"var(--ast-global-color-5)","background-image":"","background-repeat":"repeat","background-position":"center center","background-size":"auto","background-attachment":"scroll","background-type":"","background-media":"","overlay-type":"","overlay-color":"","overlay-opacity":"","overlay-gradient":""},"tablet":{"background-color":"var(--ast-global-color-5)","background-image":"","background-repeat":"repeat","background-position":"center center","background-size":"auto","background-attachment":"scroll","background-type":"","background-media":"","overlay-type":"","overlay-color":"","overlay-opacity":"","overlay-gradient":""},"mobile":{"background-color":"var(--ast-global-color-5)","background-image":"","background-repeat":"repeat","background-position":"center center","background-size":"auto","background-attachment":"scroll","background-type":"","background-media":"","overlay-type":"","overlay-color":"","overlay-opacity":"","overlay-gradient":""}},"footnotes":""},"class_list":["post-1580","page","type-page","status-publish","hentry"],"yoast_head":"<!-- This site is optimized with the Yoast SEO Premium plugin v27.0 (Yoast SEO v27.3) - https:\/\/yoast.com\/product\/yoast-seo-premium-wordpress\/ -->\n<title>Mentions l\u00e9gales - Guide du Trading<\/title>\n<meta name=\"robots\" content=\"index, follow, max-snippet:-1, max-image-preview:large, max-video-preview:-1\" \/>\n<link rel=\"canonical\" href=\"https:\/\/guidedutrading.com\/en\/legal-notices\/\" \/>\n<meta property=\"og:locale\" content=\"en_GB\" \/>\n<meta property=\"og:type\" content=\"article\" \/>\n<meta property=\"og:title\" content=\"Mentions l\u00e9gales\" \/>\n<meta property=\"og:description\" content=\"MENTIONS L\u00c9GALES Raison sociale : MOUB MARKETING S.R.L. Forme juridique : Societate cu R\u0103spundere Limitat\u0103 (S.R.L.) Num\u00e9ro d&rsquo;immatriculation (CUI) : [&hellip;]\" \/>\n<meta property=\"og:url\" content=\"https:\/\/guidedutrading.com\/en\/legal-notices\/\" \/>\n<meta property=\"og:site_name\" content=\"Guide du Trading\" \/>\n<meta property=\"article:modified_time\" content=\"2025-10-18T03:22:03+00:00\" \/>\n<meta name=\"twitter:card\" content=\"summary_large_image\" \/>\n<script type=\"application\/ld+json\" class=\"yoast-schema-graph\">{\"@context\":\"https:\\\/\\\/schema.org\",\"@graph\":[{\"@type\":\"WebPage\",\"@id\":\"https:\\\/\\\/guidedutrading.com\\\/mentions-legales\\\/\",\"url\":\"https:\\\/\\\/guidedutrading.com\\\/mentions-legales\\\/\",\"name\":\"Mentions l\u00e9gales - Guide du Trading\",\"isPartOf\":{\"@id\":\"https:\\\/\\\/guidedutrading.com\\\/#website\"},\"datePublished\":\"2025-10-18T03:00:55+00:00\",\"dateModified\":\"2025-10-18T03:22:03+00:00\",\"breadcrumb\":{\"@id\":\"https:\\\/\\\/guidedutrading.com\\\/mentions-legales\\\/#breadcrumb\"},\"inLanguage\":\"en-GB\",\"potentialAction\":[{\"@type\":\"ReadAction\",\"target\":[\"https:\\\/\\\/guidedutrading.com\\\/mentions-legales\\\/\"]}]},{\"@type\":\"BreadcrumbList\",\"@id\":\"https:\\\/\\\/guidedutrading.com\\\/mentions-legales\\\/#breadcrumb\",\"itemListElement\":[{\"@type\":\"ListItem\",\"position\":1,\"name\":\"Accueil\",\"item\":\"https:\\\/\\\/guidedutrading.com\\\/\"},{\"@type\":\"ListItem\",\"position\":2,\"name\":\"Mentions l\u00e9gales\"}]},{\"@type\":\"WebSite\",\"@id\":\"https:\\\/\\\/guidedutrading.com\\\/#website\",\"url\":\"https:\\\/\\\/guidedutrading.com\\\/\",\"name\":\"Guide du Trading\",\"description\":\"Votre r\u00e9f\u00e9rence en trading CFD et comparatifs brokers\",\"publisher\":{\"@id\":\"https:\\\/\\\/guidedutrading.com\\\/#organization\"},\"potentialAction\":[{\"@type\":\"SearchAction\",\"target\":{\"@type\":\"EntryPoint\",\"urlTemplate\":\"https:\\\/\\\/guidedutrading.com\\\/?s={search_term_string}\"},\"query-input\":{\"@type\":\"PropertyValueSpecification\",\"valueRequired\":true,\"valueName\":\"search_term_string\"}}],\"inLanguage\":\"en-GB\"},{\"@type\":\"Organization\",\"@id\":\"https:\\\/\\\/guidedutrading.com\\\/#organization\",\"name\":\"Guide du Trading\",\"url\":\"https:\\\/\\\/guidedutrading.com\\\/\",\"logo\":{\"@type\":\"ImageObject\",\"inLanguage\":\"en-GB\",\"@id\":\"https:\\\/\\\/guidedutrading.com\\\/#\\\/schema\\\/logo\\\/image\\\/\",\"url\":\"https:\\\/\\\/guidedutrading.com\\\/wp-content\\\/uploads\\\/2025\\\/10\\\/cropped-cropped-cropped-cropped-Logo-version-2-2-e1759848903976.png\",\"contentUrl\":\"https:\\\/\\\/guidedutrading.com\\\/wp-content\\\/uploads\\\/2025\\\/10\\\/cropped-cropped-cropped-cropped-Logo-version-2-2-e1759848903976.png\",\"width\":665,\"height\":298,\"caption\":\"Guide du Trading\"},\"image\":{\"@id\":\"https:\\\/\\\/guidedutrading.com\\\/#\\\/schema\\\/logo\\\/image\\\/\"}}]}<\/script>\n<!-- \/ Yoast SEO Premium plugin. -->","yoast_head_json":{"title":"Legal Notice - Trading Guide","robots":{"index":"index","follow":"follow","max-snippet":"max-snippet:-1","max-image-preview":"max-image-preview:large","max-video-preview":"max-video-preview:-1"},"canonical":"https:\/\/guidedutrading.com\/en\/legal-notices\/","og_locale":"en_GB","og_type":"article","og_title":"Mentions l\u00e9gales","og_description":"MENTIONS L\u00c9GALES Raison sociale : MOUB MARKETING S.R.L. Forme juridique : Societate cu R\u0103spundere Limitat\u0103 (S.R.L.) Num\u00e9ro d&rsquo;immatriculation (CUI) : [&hellip;]","og_url":"https:\/\/guidedutrading.com\/en\/legal-notices\/","og_site_name":"Guide du Trading","article_modified_time":"2025-10-18T03:22:03+00:00","twitter_card":"summary_large_image","schema":{"@context":"https:\/\/schema.org","@graph":[{"@type":"WebPage","@id":"https:\/\/guidedutrading.com\/mentions-legales\/","url":"https:\/\/guidedutrading.com\/mentions-legales\/","name":"Legal Notice - Trading Guide","isPartOf":{"@id":"https:\/\/guidedutrading.com\/#website"},"datePublished":"2025-10-18T03:00:55+00:00","dateModified":"2025-10-18T03:22:03+00:00","breadcrumb":{"@id":"https:\/\/guidedutrading.com\/mentions-legales\/#breadcrumb"},"inLanguage":"en-GB","potentialAction":[{"@type":"ReadAction","target":["https:\/\/guidedutrading.com\/mentions-legales\/"]}]},{"@type":"BreadcrumbList","@id":"https:\/\/guidedutrading.com\/mentions-legales\/#breadcrumb","itemListElement":[{"@type":"ListItem","position":1,"name":"Accueil","item":"https:\/\/guidedutrading.com\/"},{"@type":"ListItem","position":2,"name":"Mentions l\u00e9gales"}]},{"@type":"WebSite","@id":"https:\/\/guidedutrading.com\/#website","url":"https:\/\/guidedutrading.com\/","name":"Trading Guide","description":"Your reference for CFD trading and broker comparisons","publisher":{"@id":"https:\/\/guidedutrading.com\/#organization"},"potentialAction":[{"@type":"SearchAction","target":{"@type":"EntryPoint","urlTemplate":"https:\/\/guidedutrading.com\/?s={search_term_string}"},"query-input":{"@type":"PropertyValueSpecification","valueRequired":true,"valueName":"search_term_string"}}],"inLanguage":"en-GB"},{"@type":"Organization","@id":"https:\/\/guidedutrading.com\/#organization","name":"Trading Guide","url":"https:\/\/guidedutrading.com\/","logo":{"@type":"ImageObject","inLanguage":"en-GB","@id":"https:\/\/guidedutrading.com\/#\/schema\/logo\/image\/","url":"https:\/\/guidedutrading.com\/wp-content\/uploads\/2025\/10\/cropped-cropped-cropped-cropped-Logo-version-2-2-e1759848903976.png","contentUrl":"https:\/\/guidedutrading.com\/wp-content\/uploads\/2025\/10\/cropped-cropped-cropped-cropped-Logo-version-2-2-e1759848903976.png","width":665,"height":298,"caption":"Guide du Trading"},"image":{"@id":"https:\/\/guidedutrading.com\/#\/schema\/logo\/image\/"}}]}},"_links":{"self":[{"href":"https:\/\/guidedutrading.com\/en\/wp-json\/wp\/v2\/pages\/1580","targetHints":{"allow":["GET"]}}],"collection":[{"href":"https:\/\/guidedutrading.com\/en\/wp-json\/wp\/v2\/pages"}],"about":[{"href":"https:\/\/guidedutrading.com\/en\/wp-json\/wp\/v2\/types\/page"}],"author":[{"embeddable":true,"href":"https:\/\/guidedutrading.com\/en\/wp-json\/wp\/v2\/users\/2"}],"replies":[{"embeddable":true,"href":"https:\/\/guidedutrading.com\/en\/wp-json\/wp\/v2\/comments?post=1580"}],"version-history":[{"count":0,"href":"https:\/\/guidedutrading.com\/en\/wp-json\/wp\/v2\/pages\/1580\/revisions"}],"wp:attachment":[{"href":"https:\/\/guidedutrading.com\/en\/wp-json\/wp\/v2\/media?parent=1580"}],"curies":[{"name":"wp","href":"https:\/\/api.w.org\/{rel}","templated":true}]}}